{"id":1603,"date":"2024-08-07T09:53:55","date_gmt":"2024-08-07T12:53:55","guid":{"rendered":"https:\/\/loja.avmbianco.com.br\/wp\/?post_type=product&#038;p=1603"},"modified":"2024-08-07T09:54:42","modified_gmt":"2024-08-07T12:54:42","slug":"feltro","status":"publish","type":"product","link":"https:\/\/loja.avmbianco.com.br\/wp\/produto\/feltro\/","title":{"rendered":"Feltro"},"content":{"rendered":"<p>Feltro v\u00e1rias cores , com 2 m ou 10 m<\/p>\n<p>Utiliza\u00e7\u00e3o em forra\u00e7\u00f5es, vestu\u00e1rios, decora\u00e7\u00f5es e outras finalidades.<\/p>\n<p>*Consulte cores dispon\u00edveis*<\/p>\n","protected":false},"excerpt":{"rendered":"<p>Feltro Santa F\u00e9<\/p>\n","protected":false},"featured_media":1682,"comment_status":"open","ping_status":"closed","template":"","meta":[],"product_cat":[15],"product_tag":[],"class_list":{"0":"post-1603","1":"product","2":"type-product","3":"status-publish","4":"has-post-thumbnail","6":"product_cat-sem-categoria","8":"first","9":"outofstock","10":"taxable","11":"shipping-taxable","12":"product-type-variable"},"_links":{"self":[{"href":"https:\/\/loja.avmbianco.com.br\/wp\/wp-json\/wp\/v2\/product\/1603","targetHints":{"allow":["GET"]}}],"collection":[{"href":"https:\/\/loja.avmbianco.com.br\/wp\/wp-json\/wp\/v2\/product"}],"about":[{"href":"https:\/\/loja.avmbianco.com.br\/wp\/wp-json\/wp\/v2\/types\/product"}],"replies":[{"embeddable":true,"href":"https:\/\/loja.avmbianco.com.br\/wp\/wp-json\/wp\/v2\/comments?post=1603"}],"wp:featuredmedia":[{"embeddable":true,"href":"https:\/\/loja.avmbianco.com.br\/wp\/wp-json\/wp\/v2\/media\/1682"}],"wp:attachment":[{"href":"https:\/\/loja.avmbianco.com.br\/wp\/wp-json\/wp\/v2\/media?parent=1603"}],"wp:term":[{"taxonomy":"product_cat","embeddable":true,"href":"https:\/\/loja.avmbianco.com.br\/wp\/wp-json\/wp\/v2\/product_cat?post=1603"},{"taxonomy":"product_tag","embeddable":true,"href":"https:\/\/loja.avmbianco.com.br\/wp\/wp-json\/wp\/v2\/product_tag?post=1603"}],"curies":[{"name":"wp","href":"https:\/\/api.w.org\/{rel}","templated":true}]}}