{"id":1906,"date":"2024-08-07T09:57:07","date_gmt":"2024-08-07T12:57:07","guid":{"rendered":"https:\/\/loja.avmbianco.com.br\/wp\/?post_type=product&#038;p=1906"},"modified":"2024-08-07T09:57:13","modified_gmt":"2024-08-07T12:57:13","slug":"maquina-balancim-100","status":"publish","type":"product","link":"https:\/\/loja.avmbianco.com.br\/wp\/produto\/maquina-balancim-100\/","title":{"rendered":"Maquina Balancim 100"},"content":{"rendered":"<p>Balancim 100 colorido para forrar bot\u00e3o.<\/p>\n","protected":false},"excerpt":{"rendered":"<div class=\"descResumida\">\n<h5><strong>M\u00e1quina de fixa\u00e7\u00e3o (prensa) manual de bancada, para aplica\u00e7\u00e3o de bot\u00f5es, ilhoses, rebites, colchetes e enfeites de metal. Alavanca frontal.<\/strong><\/h5>\n<p>OBS.: esta m\u00e1quina \u00e9 incompat\u00edvel com as matrizes do kit button Cardenas; o uso inadequado pode causar danos \u00e0 m\u00e1quina e \u00e0s matrizes.<\/p>\n<\/div>\n<div class=\"titulodescricao\">Caracter\u00edsticas do Produto<\/div>\n<p>Marca: Cardenas<\/p>\n<p>Dimens\u00f5es: 23,0 cm x 8,0 cm x 18,0 cm (AxLxP)<\/p>\n<p>Profundidade da garganta: 58,0 mm<\/p>\n<p>Capacidade de press\u00e3o: 100 kg<\/p>\n<h3 style=\"text-align: center;\"><strong>TEMOS SOMENTE VERDE<\/strong><\/h3>\n<p>&nbsp;<\/p>\n","protected":false},"featured_media":1913,"comment_status":"open","ping_status":"closed","template":"","meta":[],"product_cat":[110,27],"product_tag":[],"class_list":{"0":"post-1906","1":"product","2":"type-product","3":"status-publish","4":"has-post-thumbnail","6":"product_cat-balancim","7":"product_cat-maquinas","9":"first","10":"instock","11":"taxable","12":"shipping-taxable","13":"purchasable","14":"product-type-simple"},"_links":{"self":[{"href":"https:\/\/loja.avmbianco.com.br\/wp\/wp-json\/wp\/v2\/product\/1906","targetHints":{"allow":["GET"]}}],"collection":[{"href":"https:\/\/loja.avmbianco.com.br\/wp\/wp-json\/wp\/v2\/product"}],"about":[{"href":"https:\/\/loja.avmbianco.com.br\/wp\/wp-json\/wp\/v2\/types\/product"}],"replies":[{"embeddable":true,"href":"https:\/\/loja.avmbianco.com.br\/wp\/wp-json\/wp\/v2\/comments?post=1906"}],"wp:featuredmedia":[{"embeddable":true,"href":"https:\/\/loja.avmbianco.com.br\/wp\/wp-json\/wp\/v2\/media\/1913"}],"wp:attachment":[{"href":"https:\/\/loja.avmbianco.com.br\/wp\/wp-json\/wp\/v2\/media?parent=1906"}],"wp:term":[{"taxonomy":"product_cat","embeddable":true,"href":"https:\/\/loja.avmbianco.com.br\/wp\/wp-json\/wp\/v2\/product_cat?post=1906"},{"taxonomy":"product_tag","embeddable":true,"href":"https:\/\/loja.avmbianco.com.br\/wp\/wp-json\/wp\/v2\/product_tag?post=1906"}],"curies":[{"name":"wp","href":"https:\/\/api.w.org\/{rel}","templated":true}]}}