{"id":1907,"date":"2024-08-07T09:57:07","date_gmt":"2024-08-07T12:57:07","guid":{"rendered":"https:\/\/loja.avmbianco.com.br\/wp\/?post_type=product&#038;p=1907"},"modified":"2024-08-07T09:57:15","modified_gmt":"2024-08-07T12:57:15","slug":"maquina-suporte-para-fixacao","status":"publish","type":"product","link":"https:\/\/loja.avmbianco.com.br\/wp\/produto\/maquina-suporte-para-fixacao\/","title":{"rendered":"Maquina Suporte para Fixa\u00e7\u00e3o"},"content":{"rendered":"<p>Suporte para fixa\u00e7\u00e3o de bot\u00e3o forrado colorido.<\/p>\n","protected":false},"excerpt":{"rendered":"<div class=\"descResumida\">\n<h3>Fixador de bancada para m\u00e1quina prensa Balancim 100. Sua fun\u00e7\u00e3o \u00e9 fixar o Balancim 100 em qualquer mesa ou bancada, sem precisar furar o tampo.<\/p>\n<p>OBS.: acompanham 2 parafusos, para acoplar o fixador ao Balancim.<\/h3>\n<\/div>\n<div class=\"titulodescricao\">Caracter\u00edsticas do Produto<\/div>\n<p>Marca: Cardenas<\/p>\n<p>Refer\u00eancia: fixador Balancim 100<\/p>\n<p>Unidade de venda: cx c\/ 1 un<\/p>\n","protected":false},"featured_media":1917,"comment_status":"open","ping_status":"closed","template":"","meta":[],"product_cat":[27,111],"product_tag":[],"class_list":{"0":"post-1907","1":"product","2":"type-product","3":"status-publish","4":"has-post-thumbnail","6":"product_cat-maquinas","7":"product_cat-suporte","9":"first","10":"instock","11":"taxable","12":"shipping-taxable","13":"purchasable","14":"product-type-simple"},"_links":{"self":[{"href":"https:\/\/loja.avmbianco.com.br\/wp\/wp-json\/wp\/v2\/product\/1907","targetHints":{"allow":["GET"]}}],"collection":[{"href":"https:\/\/loja.avmbianco.com.br\/wp\/wp-json\/wp\/v2\/product"}],"about":[{"href":"https:\/\/loja.avmbianco.com.br\/wp\/wp-json\/wp\/v2\/types\/product"}],"replies":[{"embeddable":true,"href":"https:\/\/loja.avmbianco.com.br\/wp\/wp-json\/wp\/v2\/comments?post=1907"}],"wp:featuredmedia":[{"embeddable":true,"href":"https:\/\/loja.avmbianco.com.br\/wp\/wp-json\/wp\/v2\/media\/1917"}],"wp:attachment":[{"href":"https:\/\/loja.avmbianco.com.br\/wp\/wp-json\/wp\/v2\/media?parent=1907"}],"wp:term":[{"taxonomy":"product_cat","embeddable":true,"href":"https:\/\/loja.avmbianco.com.br\/wp\/wp-json\/wp\/v2\/product_cat?post=1907"},{"taxonomy":"product_tag","embeddable":true,"href":"https:\/\/loja.avmbianco.com.br\/wp\/wp-json\/wp\/v2\/product_tag?post=1907"}],"curies":[{"name":"wp","href":"https:\/\/api.w.org\/{rel}","templated":true}]}}