{"id":356,"date":"2024-08-06T22:17:34","date_gmt":"2024-08-07T01:17:34","guid":{"rendered":"https:\/\/loja.avmbianco.com.br\/wp\/?post_type=product&#038;p=356"},"modified":"2024-08-06T22:18:19","modified_gmt":"2024-08-07T01:18:19","slug":"tinta-para-tecido","status":"publish","type":"product","link":"https:\/\/loja.avmbianco.com.br\/wp\/produto\/tinta-para-tecido\/","title":{"rendered":"Tinta para Tecido"},"content":{"rendered":"<h5>CARACTER\u00cdSTICAS<\/h5>\n<ul>\n<li>Super resist\u00eancia \u00e0 lavagens.<\/li>\n<li>Excelente cobertura.<\/li>\n<li>Fixa\u00e7\u00e3o a frio.<\/li>\n<li>Maior rendimento.<\/li>\n<li>Apresentada em 123 cores Foscas (incluindo o Clareador 500).<\/li>\n<li>Cores misc\u00edveis entre s\u00ed.<\/li>\n<li>Pronta para uso.<\/li>\n<\/ul>\n<h5>MODO DE USAR<\/h5>\n<ul>\n<li>Pode ser aplicada com pincel, esponja ou carimbo, em tecidos de algod\u00e3o sem goma (n\u00e3o sint\u00e9ticos).<\/li>\n<li>Lavar o tecido antes da pintura, para retirar os res\u00edduos de goma.<\/li>\n<li>Ap\u00f3s a pintura, aguarde 72 horas para lavagem.<\/li>\n<\/ul>\n<h5>DILUENTE<\/h5>\n<ul>\n<li>Para dilui\u00e7\u00e3o, use o Diluente para Tinta Tecidos, indicado para diluir, retardar a secagem, fazer t\u00e9cnicas de matizados e sombreados, mantendo a resist\u00eancia \u00e0 lavagens.<\/li>\n<\/ul>\n","protected":false},"excerpt":{"rendered":"<p>Tinta Acrilex Para Tecido Fosca Ref.4140 37ml<\/p>\n<p>Apresentada em v\u00e1rios tons de cores foscas, N\u00e3o t\u00f3xica. Muito resistente a lavagens. Pode ser aplicada com pincel, esponja ou carimbo, em tecidos de algod\u00e3o sem goma, n\u00e3o sint\u00e9ticos.<\/p>\n<p>Lavar o tecido antes da pintura, para retirar os res\u00edduos de goma. Ap\u00f3s a pintura, aguarde 72 horas para lavagem.<\/p>\n<p>OBS:Fa\u00e7a seu pedido de cores atrav\u00e9s da cartela dispon\u00edvel.<\/p>\n<h5 style=\"text-align: center;\">**Consulte Cores Dispon\u00edveis**<\/h5>\n","protected":false},"featured_media":411,"comment_status":"open","ping_status":"closed","template":"","meta":[],"product_cat":[61],"product_tag":[],"class_list":{"0":"post-356","1":"product","2":"type-product","3":"status-publish","4":"has-post-thumbnail","6":"product_cat-tintas","8":"first","9":"outofstock","10":"taxable","11":"shipping-taxable","12":"product-type-variable"},"_links":{"self":[{"href":"https:\/\/loja.avmbianco.com.br\/wp\/wp-json\/wp\/v2\/product\/356","targetHints":{"allow":["GET"]}}],"collection":[{"href":"https:\/\/loja.avmbianco.com.br\/wp\/wp-json\/wp\/v2\/product"}],"about":[{"href":"https:\/\/loja.avmbianco.com.br\/wp\/wp-json\/wp\/v2\/types\/product"}],"replies":[{"embeddable":true,"href":"https:\/\/loja.avmbianco.com.br\/wp\/wp-json\/wp\/v2\/comments?post=356"}],"wp:featuredmedia":[{"embeddable":true,"href":"https:\/\/loja.avmbianco.com.br\/wp\/wp-json\/wp\/v2\/media\/411"}],"wp:attachment":[{"href":"https:\/\/loja.avmbianco.com.br\/wp\/wp-json\/wp\/v2\/media?parent=356"}],"wp:term":[{"taxonomy":"product_cat","embeddable":true,"href":"https:\/\/loja.avmbianco.com.br\/wp\/wp-json\/wp\/v2\/product_cat?post=356"},{"taxonomy":"product_tag","embeddable":true,"href":"https:\/\/loja.avmbianco.com.br\/wp\/wp-json\/wp\/v2\/product_tag?post=356"}],"curies":[{"name":"wp","href":"https:\/\/api.w.org\/{rel}","templated":true}]}}