{"id":460,"date":"2024-08-06T22:18:26","date_gmt":"2024-08-07T01:18:26","guid":{"rendered":"https:\/\/loja.avmbianco.com.br\/wp\/?post_type=product&#038;p=460"},"modified":"2024-08-06T22:18:34","modified_gmt":"2024-08-07T01:18:34","slug":"cola-brascoplast","status":"publish","type":"product","link":"https:\/\/loja.avmbianco.com.br\/wp\/produto\/cola-brascoplast\/","title":{"rendered":"Cola Brascoplast"},"content":{"rendered":"<p>Cola de contato a mais forte do Brasil Multiuso tecido,couro,fibra natural,borracha,madeira e metal.<\/p>\n","protected":false},"excerpt":{"rendered":"<p>Cola Brascola Brascoplast 75 Gramas<\/p>\n<p>Adesivo de contato universal. Apresenta aplicabilidade adequada para a colagem em materiais porosos. Como adesivo universal, sua linha de ades\u00e3o permanece flex\u00edvel durante longo tempo, resistindo a dilata\u00e7\u00f5es decorrentes de substratos diferentes. De uso geral, para colagem de tape\u00e7aria de autos, guarni\u00e7\u00f5es de borracha, revestimentos, pisos de vinil, amianto, couro, diversos pl\u00e1sticos, tecidos, fibras, l\u00e3 de vidro, pisos de borracha, madeira, papel\u00e3o e carpetes. Resiste a at\u00e9 60\u00b0C.<\/p>\n","protected":false},"featured_media":491,"comment_status":"open","ping_status":"closed","template":"","meta":[],"product_cat":[21],"product_tag":[],"class_list":{"0":"post-460","1":"product","2":"type-product","3":"status-publish","4":"has-post-thumbnail","6":"product_cat-cola","8":"first","9":"instock","10":"taxable","11":"shipping-taxable","12":"purchasable","13":"product-type-simple"},"_links":{"self":[{"href":"https:\/\/loja.avmbianco.com.br\/wp\/wp-json\/wp\/v2\/product\/460","targetHints":{"allow":["GET"]}}],"collection":[{"href":"https:\/\/loja.avmbianco.com.br\/wp\/wp-json\/wp\/v2\/product"}],"about":[{"href":"https:\/\/loja.avmbianco.com.br\/wp\/wp-json\/wp\/v2\/types\/product"}],"replies":[{"embeddable":true,"href":"https:\/\/loja.avmbianco.com.br\/wp\/wp-json\/wp\/v2\/comments?post=460"}],"wp:featuredmedia":[{"embeddable":true,"href":"https:\/\/loja.avmbianco.com.br\/wp\/wp-json\/wp\/v2\/media\/491"}],"wp:attachment":[{"href":"https:\/\/loja.avmbianco.com.br\/wp\/wp-json\/wp\/v2\/media?parent=460"}],"wp:term":[{"taxonomy":"product_cat","embeddable":true,"href":"https:\/\/loja.avmbianco.com.br\/wp\/wp-json\/wp\/v2\/product_cat?post=460"},{"taxonomy":"product_tag","embeddable":true,"href":"https:\/\/loja.avmbianco.com.br\/wp\/wp-json\/wp\/v2\/product_tag?post=460"}],"curies":[{"name":"wp","href":"https:\/\/api.w.org\/{rel}","templated":true}]}}