{"id":803,"date":"2024-08-06T22:20:47","date_gmt":"2024-08-07T01:20:47","guid":{"rendered":"https:\/\/loja.avmbianco.com.br\/wp\/?post_type=product&#038;p=803"},"modified":"2024-08-06T22:20:50","modified_gmt":"2024-08-07T01:20:50","slug":"elastico-colombe","status":"publish","type":"product","link":"https:\/\/loja.avmbianco.com.br\/wp\/produto\/elastico-colombe\/","title":{"rendered":"El\u00e1stico Colombe"},"content":{"rendered":"<p>El\u00e1stico Colombe 69% poli\u00e9ster e 31% elastoideno com 10mts.<\/p>\n","protected":false},"excerpt":{"rendered":"<p>El\u00e1sticos de alta resist\u00eancia e durabilidade para confec\u00e7\u00e3o e artesanato. Utilizado em cintos, convites, roupas em geral, etc.<\/p>\n<p>El\u00e1stico Colombe chato.<\/p>\n<p>Composi\u00e7\u00e3o:69% poli\u00e9ster e 31% elastoideno<\/p>\n<p>Temos tamb\u00e9m nos tamanhos de 4mm,5mm,6mm,9mm<\/p>\n<h5 style=\"text-align: center;\"><strong>*Consulte Cores Dispon\u00edveis*<\/strong><\/h5>\n","protected":false},"featured_media":825,"comment_status":"open","ping_status":"closed","template":"","meta":[],"product_cat":[16],"product_tag":[],"class_list":{"0":"post-803","1":"product","2":"type-product","3":"status-publish","4":"has-post-thumbnail","6":"product_cat-elasticos","8":"first","9":"outofstock","10":"taxable","11":"shipping-taxable","12":"product-type-variable"},"_links":{"self":[{"href":"https:\/\/loja.avmbianco.com.br\/wp\/wp-json\/wp\/v2\/product\/803","targetHints":{"allow":["GET"]}}],"collection":[{"href":"https:\/\/loja.avmbianco.com.br\/wp\/wp-json\/wp\/v2\/product"}],"about":[{"href":"https:\/\/loja.avmbianco.com.br\/wp\/wp-json\/wp\/v2\/types\/product"}],"replies":[{"embeddable":true,"href":"https:\/\/loja.avmbianco.com.br\/wp\/wp-json\/wp\/v2\/comments?post=803"}],"wp:featuredmedia":[{"embeddable":true,"href":"https:\/\/loja.avmbianco.com.br\/wp\/wp-json\/wp\/v2\/media\/825"}],"wp:attachment":[{"href":"https:\/\/loja.avmbianco.com.br\/wp\/wp-json\/wp\/v2\/media?parent=803"}],"wp:term":[{"taxonomy":"product_cat","embeddable":true,"href":"https:\/\/loja.avmbianco.com.br\/wp\/wp-json\/wp\/v2\/product_cat?post=803"},{"taxonomy":"product_tag","embeddable":true,"href":"https:\/\/loja.avmbianco.com.br\/wp\/wp-json\/wp\/v2\/product_tag?post=803"}],"curies":[{"name":"wp","href":"https:\/\/api.w.org\/{rel}","templated":true}]}}