{"id":853,"date":"2024-08-06T22:21:00","date_gmt":"2024-08-07T01:21:00","guid":{"rendered":"https:\/\/loja.avmbianco.com.br\/wp\/?post_type=product&#038;p=853"},"modified":"2024-08-06T22:21:14","modified_gmt":"2024-08-07T01:21:14","slug":"botao-bombe-furado","status":"publish","type":"product","link":"https:\/\/loja.avmbianco.com.br\/wp\/produto\/botao-bombe-furado\/","title":{"rendered":"Bot\u00e3o Bomb\u00ea Furado"},"content":{"rendered":"<p>Bot\u00e3o Bomb\u00ea Furado, com 144 un<\/p>\n","protected":false},"excerpt":{"rendered":"<p>Bot\u00e3o bomb\u00ea furado.<\/p>\n<p>Caixa com 144un<\/p>\n","protected":false},"featured_media":872,"comment_status":"open","ping_status":"closed","template":"","meta":[],"product_cat":[57,56],"product_tag":[],"class_list":{"0":"post-853","1":"product","2":"type-product","3":"status-publish","4":"has-post-thumbnail","6":"product_cat-bombe","7":"product_cat-botoes","9":"first","10":"outofstock","11":"taxable","12":"shipping-taxable","13":"product-type-variable"},"_links":{"self":[{"href":"https:\/\/loja.avmbianco.com.br\/wp\/wp-json\/wp\/v2\/product\/853","targetHints":{"allow":["GET"]}}],"collection":[{"href":"https:\/\/loja.avmbianco.com.br\/wp\/wp-json\/wp\/v2\/product"}],"about":[{"href":"https:\/\/loja.avmbianco.com.br\/wp\/wp-json\/wp\/v2\/types\/product"}],"replies":[{"embeddable":true,"href":"https:\/\/loja.avmbianco.com.br\/wp\/wp-json\/wp\/v2\/comments?post=853"}],"wp:featuredmedia":[{"embeddable":true,"href":"https:\/\/loja.avmbianco.com.br\/wp\/wp-json\/wp\/v2\/media\/872"}],"wp:attachment":[{"href":"https:\/\/loja.avmbianco.com.br\/wp\/wp-json\/wp\/v2\/media?parent=853"}],"wp:term":[{"taxonomy":"product_cat","embeddable":true,"href":"https:\/\/loja.avmbianco.com.br\/wp\/wp-json\/wp\/v2\/product_cat?post=853"},{"taxonomy":"product_tag","embeddable":true,"href":"https:\/\/loja.avmbianco.com.br\/wp\/wp-json\/wp\/v2\/product_tag?post=853"}],"curies":[{"name":"wp","href":"https:\/\/api.w.org\/{rel}","templated":true}]}}